{"id":2,"date":"2011-05-11T11:52:59","date_gmt":"2011-05-11T11:52:59","guid":{"rendered":"http:\/\/www.sy-sinus.de\/?page_id=2"},"modified":"2017-01-11T15:20:11","modified_gmt":"2017-01-11T14:20:11","slug":"beispiel-seite","status":"publish","type":"page","link":"http:\/\/www.sy-sinus.de\/?page_id=2","title":{"rendered":"Segelyacht Sinus"},"content":{"rendered":"<p><a href=\"http:\/\/www.sy-sinus.de\/wp-content\/uploads\/2011\/05\/Ueber-Uns-Bild-026_small.jpg\"><img decoding=\"async\" loading=\"lazy\" class=\"wp-image-1044 alignright\" src=\"http:\/\/www.sy-sinus.de\/wp-content\/uploads\/2016\/01\/GOPR3007.jpg\" alt=\"GOPR3007\" width=\"438\" height=\"328\" srcset=\"http:\/\/www.sy-sinus.de\/wp-content\/uploads\/2016\/01\/GOPR3007.jpg 1024w, http:\/\/www.sy-sinus.de\/wp-content\/uploads\/2016\/01\/GOPR3007-300x225.jpg 300w, http:\/\/www.sy-sinus.de\/wp-content\/uploads\/2016\/01\/GOPR3007-600x450.jpg 600w\" sizes=\"(max-width: 438px) 100vw, 438px\" \/><\/p>\n<p><\/a>Kielschwerter aus Aluminium (Rundspant)<\/p>\n<p>Werfttyp: Pouvreau<\/p>\n<p>Typ: Tokay<\/p>\n<p>L\u00e4nge (\u00fc.A.): 10,60 m<\/p>\n<p>L\u00e4nge (WL): 8,90 m<\/p>\n<p>Breite: 3,40 m<\/p>\n<p>Tiefgang: 1,10 m \/ 2,20 m<\/p>\n<p>Leergewicht: 6,3 T<\/p>\n<p>Ballast: 2,5 T<\/p>\n<p>Schwert: 130 Kg<\/p>\n<p><img decoding=\"async\" loading=\"lazy\" class=\"size-medium wp-image-32 alignright\" title=\"Die Sinus unter Spi\" src=\"http:\/\/www.sy-sinus.de\/wp-content\/uploads\/2011\/05\/Ueber-Uns-Bild-026_small-225x300.jpg\" alt=\"\" width=\"225\" height=\"300\" srcset=\"http:\/\/www.sy-sinus.de\/wp-content\/uploads\/2011\/05\/Ueber-Uns-Bild-026_small-225x300.jpg 225w, http:\/\/www.sy-sinus.de\/wp-content\/uploads\/2011\/05\/Ueber-Uns-Bild-026_small.jpg 768w\" sizes=\"(max-width: 225px) 100vw, 225px\" \/>Besegelung:<\/p>\n<ul>\n<li>Genua 1: 38 qm<\/li>\n<li>Genua 2: 25 qm\u00a0 2x<\/li>\n<li>Genua 3:\u00a018 qm<\/li>\n<li>Genua 4: 11 qm<\/li>\n<li>Sturmfock 7 qm<\/li>\n<li>2 Spi: 83 qm<\/li>\n<li>Gennaker 69.5 qm<\/li>\n<li>Gro\u00df: 24,1 qm<\/li>\n<\/ul>\n<p>Maschine : Yanmar 3Y30 29PS<\/p>\n<p>Vorschiff: 2 Kojen (wird meistens als Segellastraum genutzt)<br \/>\nMitschiff: Doppelstockkojen an Steuerbord (2 Kojen)<br \/>\nEignerkaj\u00fcte mit 2 Kojen an Backbord<br \/>\nSanit\u00e4rkabine an Steuerbord<br \/>\nbeim Niedergang Navi an Steuerbord<br \/>\nPantry an Backbord und Achtersalon<\/p>\n<p>Ausr\u00fcstung:<\/p>\n<p>Rettungsinsel 6 Pers . Offshore, Rettungsboje, Rettungswesten,<\/p>\n<p>Furono GP31 GPS , Hand GPS, Icom HF-Receiver IC-7200<\/p>\n<p>2x Laptop mit Maxsea, 2x C-map,\u00a0VHF &#8211; Funkger\u00e4t Ocean RQ4500 und Icom Hand-UKW\u00a0 Ger\u00e4t,<\/p>\n<p>1 Anker 20 kg mit 30 Meter Kette und 50 m Tampen<\/p>\n<p>1 Anker 15 kg mit 15 Meter Kette und 30 m Tampen<\/p>\n<p>2 Spib\u00e4ume, Windpilot Windsteueranlage, 2x Autohelm 2000<\/p>\n<p>elektrik Selbststeueranlage<\/p>\n<p><a href=\"http:\/\/www.sy-sinus.de\/wp-content\/uploads\/2012\/08\/IMGP46071.jpg\"><img decoding=\"async\" class=\"alignright size-full wp-image-119\" title=\"IMGP4607\" src=\"http:\/\/www.sy-sinus.de\/wp-content\/uploads\/2012\/08\/IMGP46071.jpg\" alt=\"mein neues Bimini\" \/><\/a><\/p>\n","protected":false},"excerpt":{"rendered":"<p>Kielschwerter aus Aluminium (Rundspant) Werfttyp: Pouvreau Typ: Tokay L\u00e4nge (\u00fc.A.): 10,60 m L\u00e4nge (WL): 8,90 m Breite: 3,40 m Tiefgang:<\/p>\n<p class=\"readmore\"><a href=\"http:\/\/www.sy-sinus.de\/?page_id=2\" title=\"Read Segelyacht Sinus\">Read more &raquo;<\/a><\/p>\n","protected":false},"author":1,"featured_media":0,"parent":0,"menu_order":0,"comment_status":"open","ping_status":"open","template":"","meta":{"footnotes":""},"_links":{"self":[{"href":"http:\/\/www.sy-sinus.de\/index.php?rest_route=\/wp\/v2\/pages\/2"}],"collection":[{"href":"http:\/\/www.sy-sinus.de\/index.php?rest_route=\/wp\/v2\/pages"}],"about":[{"href":"http:\/\/www.sy-sinus.de\/index.php?rest_route=\/wp\/v2\/types\/page"}],"author":[{"embeddable":true,"href":"http:\/\/www.sy-sinus.de\/index.php?rest_route=\/wp\/v2\/users\/1"}],"replies":[{"embeddable":true,"href":"http:\/\/www.sy-sinus.de\/index.php?rest_route=%2Fwp%2Fv2%2Fcomments&post=2"}],"version-history":[{"count":3,"href":"http:\/\/www.sy-sinus.de\/index.php?rest_route=\/wp\/v2\/pages\/2\/revisions"}],"predecessor-version":[{"id":1116,"href":"http:\/\/www.sy-sinus.de\/index.php?rest_route=\/wp\/v2\/pages\/2\/revisions\/1116"}],"wp:attachment":[{"href":"http:\/\/www.sy-sinus.de\/index.php?rest_route=%2Fwp%2Fv2%2Fmedia&parent=2"}],"curies":[{"name":"wp","href":"https:\/\/api.w.org\/{rel}","templated":true}]}}